{"id":407,"date":"2025-07-15T17:22:53","date_gmt":"2025-07-15T17:22:53","guid":{"rendered":"https:\/\/maddocstranslation.com\/ueber-uns\/"},"modified":"2025-07-15T17:22:53","modified_gmt":"2025-07-15T17:22:53","slug":"ueber-uns","status":"publish","type":"page","link":"https:\/\/maddocstranslation.com\/de\/ueber-uns\/","title":{"rendered":"\u00dcber uns"},"content":{"rendered":"<p>[et_pb_section fb_built=&#8220;1&#8243; admin_label=&#8220;About&#8220; module_id=&#8220;about&#8220; _builder_version=&#8220;4.27.4&#8243; _module_preset=&#8220;default&#8220; background_enable_image=&#8220;off&#8220; background_position=&#8220;center_left&#8220; background_horizontal_offset=&#8220;-16vw&#8220; custom_padding=&#8220;5px||3px|||&#8220; locked=&#8220;off&#8220; collapsed=&#8220;on&#8220; global_colors_info=&#8220;{}&#8220;][et_pb_row _builder_version=&#8220;4.27.4&#8243; _module_preset=&#8220;default&#8220; use_background_color_gradient=&#8220;on&#8220; background_color_gradient_stops=&#8220;gcid-05959b20-5052-4306-928c-1caa44cf406e 0%|#ffffff 65%&#8220; background_enable_image=&#8220;off&#8220; background_size=&#8220;contain&#8220; max_width=&#8220;1280px&#8220; custom_margin=&#8220;52px|auto||auto||&#8220; custom_padding=&#8220;29px||||false|false&#8220; border_radii=&#8220;on|10px|10px|10px|10px&#8220; global_colors_info=&#8220;{%22gcid-b25270ff-80a4-43b3-b4f7-60812cb04374%22:%91%22arrows_custom_color%22,%22dot_nav_custom_color%22%93,%22gcid-815ebb39-646b-4c9a-a3e8-ce9c4b7f9e47%22:%91%22form_field_text_color%22,%22border_color_all%22,%22border_color_all_fields%22,%22header_text_color%22,%22body_text_color%22,%22meta_text_color%22%93,%22gcid-05959b20-5052-4306-928c-1caa44cf406e%22:%91%22background_color_gradient_stops%22%93}&#8220;][et_pb_column type=&#8220;4_4&#8243; _builder_version=&#8220;4.21.0&#8243; _module_preset=&#8220;default&#8220; custom_padding=&#8220;10%|22%|10%|22%|true|true&#8220; global_colors_info=&#8220;{}&#8220;][et_pb_image src=&#8220;https:\/\/maddocstranslation.com\/wp-content\/uploads\/2025\/05\/Germany-2-scaled.png&#8220; title_text=&#8220;Germany (2)&#8220; _builder_version=&#8220;4.27.4&#8243; _module_preset=&#8220;default&#8220; custom_margin=&#8220;-62px||54px|||&#8220; global_colors_info=&#8220;{}&#8220;][\/et_pb_image][et_pb_text _builder_version=&#8220;4.27.4&#8243; _module_preset=&#8220;92f969e6-e1e5-4eb1-81f1-2c0fa503028d&#8220; header_4_text_color=&#8220;gcid-b25270ff-80a4-43b3-b4f7-60812cb04374&#8243; header_4_font_size=&#8220;22px&#8220; text_orientation=&#8220;center&#8220; custom_margin=&#8220;||10px||false|false&#8220; global_colors_info=&#8220;{%22gcid-b25270ff-80a4-43b3-b4f7-60812cb04374%22:%91%22header_4_text_color%22%93}&#8220;]<\/p>\n<h4>\u00dcber Linda Gaus<\/h4>\n<p>[\/et_pb_text][et_pb_text _builder_version=&#8220;4.27.4&#8243; _module_preset=&#8220;c4d2f655-7be4-4089-a188-135d47eef095&#8243; header_2_font_size=&#8220;51px&#8220; text_orientation=&#8220;center&#8220; custom_margin=&#8220;||10px||false|false&#8220; global_colors_info=&#8220;{}&#8220;]<\/p>\n<h2>P\u00fcnktliche Perfektion von einer promovierten Germanistin<\/h2>\n<p>[\/et_pb_text][et_pb_text _builder_version=&#8220;4.27.4&#8243; _module_preset=&#8220;cc1f87ec-d3d3-4e11-8e6a-bd0490b21d3f&#8220; text_text_color=&#8220;#000000&#8243; text_font_size=&#8220;17px&#8220; text_orientation=&#8220;center&#8220; custom_margin=&#8220;|-63px|53px|-63px||&#8220; custom_padding=&#8220;4px|1px||||&#8220; global_colors_info=&#8220;{}&#8220;]<\/p>\n<p>Die Gr\u00fcnderin und Gesch\u00e4ftsf\u00fchrerin von MadDocs LLC, Linda Gaus, ist Muttersprachlerin des amerikanischen Englisch und hat einen Doktortitel in Germanistik von der University of California, Berkeley. Sie verf\u00fcgt \u00fcber mehr als 25 Jahre \u00dcbersetzungserfahrung in verschiedenen Fachgebieten, langj\u00e4hrige Erfahrung im Unterrichten der deutschen Sprache und Literatur sowie umfangreiche Erfahrung im \u00dcbersetzen, Verfassen und Lektorieren einer Vielzahl unterschiedlicher Texte f\u00fcr amerikanische und europ\u00e4ische Kunden. <\/p>\n<p>Ihre bisherigen \u00dcbersetzungen decken viele Bereiche ab, darunter allgemeine Wirtschaft und Marketing, Geisteswissenschaften (mit Schwerpunkt Literatur), Sozialwissenschaften, technische Handb\u00fccher und Gebrauchsanweisungen sowie hom\u00f6opathische Medizin. Eine weitere Spezialit\u00e4t ist das Lesen alter deutscher Texte und Handschriften; zu diesem Zweck besuchte sie einen Spezialkurs an der Herzog-August-Bibliothek (Wolfenb\u00fcttel). <\/p>\n<p>[\/et_pb_text][et_pb_button button_url=&#8220;@ET-DC@eyJkeW5hbWljIjp0cnVlLCJjb250ZW50IjoicG9zdF9saW5rX3VybF9wYWdlIiwic2V0dGluZ3MiOnsicG9zdF9pZCI6IjI0MyIsImVuYWJsZV9odG1sIjoib2ZmIn19@&#8220; button_text=&#8220;Get in touch&#8220; button_alignment=&#8220;center&#8220; _builder_version=&#8220;4.27.4&#8243; _dynamic_attributes=&#8220;button_url&#8220; _module_preset=&#8220;1ca2d087-f478-4731-87f6-5d1917f9f6c3&#8243; button_text_size=&#8220;15px&#8220; button_bg_color=&#8220;#ffcc00&#8243; global_colors_info=&#8220;{}&#8220; button_bg_color__hover_enabled=&#8220;on|hover&#8220; button_bg_color__hover=&#8220;#FFFFFF&#8220; button_bg_enable_color__hover=&#8220;on&#8220;][\/et_pb_button][\/et_pb_column][\/et_pb_row][\/et_pb_section][et_pb_section fb_built=&#8220;1&#8243; admin_label=&#8220;Footer Links&#8220; module_id=&#8220;footer&#8220; _builder_version=&#8220;4.27.4&#8243; _module_preset=&#8220;default&#8220; background_color=&#8220;gcid-815ebb39-646b-4c9a-a3e8-ce9c4b7f9e47&#8243; use_background_color_gradient=&#8220;on&#8220; background_color_gradient_type=&#8220;circular&#8220; background_color_gradient_direction_radial=&#8220;bottom left&#8220; background_color_gradient_stops=&#8220;#e02b20 0%|rgba(155, 30, 22, 1) 15%|#000000 100%&#8220; width=&#8220;100%&#8220; module_alignment=&#8220;center&#8220; custom_margin=&#8220;||-2px||false|false&#8220; custom_padding=&#8220;120px||||false|false&#8220; background_last_edited=&#8220;on|tablet&#8220; saved_tabs=&#8220;all&#8220; locked=&#8220;off&#8220; collapsed=&#8220;on&#8220; global_colors_info=&#8220;{%22gcid-64653083-5242-43fe-8dfb-3d72435526c0%22:%91%22background_color_gradient_stops%22,%22background_color_gradient_stops%22%93,%22gcid-815ebb39-646b-4c9a-a3e8-ce9c4b7f9e47%22:%91%22background_color%22,%22background_color%22%93,%22gcid-a2ad28b5-d28e-4d1e-9e4d-81a3653a5561%22:%91%22background_color_gradient_stops%22,%22background_color_gradient_stops%22%93}&#8220;][et_pb_row column_structure=&#8220;1_2,1_4,1_4&#8243; _builder_version=&#8220;4.27.4&#8243; _module_preset=&#8220;default&#8220; width=&#8220;90%&#8220; locked=&#8220;off&#8220; global_colors_info=&#8220;{%22gcid-815ebb39-646b-4c9a-a3e8-ce9c4b7f9e47%22:%91%22background_color%22%93}&#8220;][et_pb_column type=&#8220;1_2&#8243; _builder_version=&#8220;4.21.0&#8243; _module_preset=&#8220;default&#8220; global_colors_info=&#8220;{}&#8220;][et_pb_text _builder_version=&#8220;4.27.4&#8243; _module_preset=&#8220;8c56d7a7-e040-47d1-a95a-66f29683040c&#8220; header_3_text_color=&#8220;#FFFFFF&#8220; header_3_font_size=&#8220;28px&#8220; custom_margin=&#8220;||10px||false|false&#8220; global_colors_info=&#8220;{}&#8220;]<\/p>\n<h3>MadDocs LLC<\/h3>\n<p>[\/et_pb_text][et_pb_text _builder_version=&#8220;4.27.4&#8243; _module_preset=&#8220;92f969e6-e1e5-4eb1-81f1-2c0fa503028d&#8220; header_4_text_color=&#8220;#ffcc00&#8243; header_4_font_size=&#8220;16px&#8220; custom_margin=&#8220;-13px||0px||false|false&#8220; global_colors_info=&#8220;{}&#8220;]<\/p>\n<h4>DEUTSCH-ENGLISCHE \u00dcBERSETZUNGEN<\/h4>\n<p>[\/et_pb_text][et_pb_text _builder_version=&#8220;4.27.4&#8243; _module_preset=&#8220;522d3e13-853e-401b-b372-232a41073e39&#8243; text_text_color=&#8220;#FFFFFF&#8220; link_text_color=&#8220;gcid-f497520e-fc6d-4e37-a301-e9f13dfe2ad6&#8243; text_orientation=&#8220;center&#8220; custom_margin=&#8220;||-15px|||&#8220; custom_padding=&#8220;15px|||||&#8220; global_colors_info=&#8220;{%22gcid-f497520e-fc6d-4e37-a301-e9f13dfe2ad6%22:%91%22link_text_color%22%93}&#8220;]<\/p>\n<p style=\"text-align: left;\"><strong>Standort<\/strong> <\/p>\n<p>[\/et_pb_text][et_pb_text _builder_version=&#8220;4.27.4&#8243; _module_preset=&#8220;522d3e13-853e-401b-b372-232a41073e39&#8243; text_text_color=&#8220;#FFFFFF&#8220; link_text_color=&#8220;gcid-f497520e-fc6d-4e37-a301-e9f13dfe2ad6&#8243; text_orientation=&#8220;center&#8220; custom_padding=&#8220;15px|||||&#8220; global_colors_info=&#8220;{%22gcid-f497520e-fc6d-4e37-a301-e9f13dfe2ad6%22:%91%22link_text_color%22%93}&#8220;]<\/p>\n<p style=\"text-align: left;\">2101 Statute Lane, Vienna, VA 22181. USA <\/p>\n<p>[\/et_pb_text][et_pb_text _builder_version=&#8220;4.27.4&#8243; _module_preset=&#8220;522d3e13-853e-401b-b372-232a41073e39&#8243; text_text_color=&#8220;#FFFFFF&#8220; link_text_color=&#8220;gcid-f497520e-fc6d-4e37-a301-e9f13dfe2ad6&#8243; text_orientation=&#8220;center&#8220; custom_margin=&#8220;-34px|||||&#8220; custom_padding=&#8220;15px|||||&#8220; global_colors_info=&#8220;{%22gcid-f497520e-fc6d-4e37-a301-e9f13dfe2ad6%22:%91%22link_text_color%22%93}&#8220;]<\/p>\n<p style=\"text-align: left;\"><strong>Telefon<\/strong><\/p>\n<p>[\/et_pb_text][et_pb_text _builder_version=&#8220;4.27.4&#8243; _module_preset=&#8220;522d3e13-853e-401b-b372-232a41073e39&#8243; text_text_color=&#8220;#FFFFFF&#8220; link_text_color=&#8220;gcid-f497520e-fc6d-4e37-a301-e9f13dfe2ad6&#8243; text_orientation=&#8220;center&#8220; custom_margin=&#8220;-34px|||||&#8220; custom_padding=&#8220;3px|||||&#8220; global_colors_info=&#8220;{%22gcid-f497520e-fc6d-4e37-a301-e9f13dfe2ad6%22:%91%22link_text_color%22%93}&#8220;]<\/p>\n<p style=\"text-align: left;\">571-215-4648<\/p>\n<p>[\/et_pb_text][et_pb_text _builder_version=&#8220;4.27.4&#8243; _module_preset=&#8220;522d3e13-853e-401b-b372-232a41073e39&#8243; text_text_color=&#8220;#FFFFFF&#8220; link_text_color=&#8220;gcid-f497520e-fc6d-4e37-a301-e9f13dfe2ad6&#8243; text_orientation=&#8220;center&#8220; custom_margin=&#8220;-34px|||||&#8220; custom_padding=&#8220;15px|||||&#8220; global_colors_info=&#8220;{%22gcid-f497520e-fc6d-4e37-a301-e9f13dfe2ad6%22:%91%22link_text_color%22%93}&#8220;]<\/p>\n<p style=\"text-align: left;\"><strong>Email-Adresse<\/strong>:<\/p>\n<p>[\/et_pb_text][et_pb_text _builder_version=&#8220;4.27.4&#8243; _module_preset=&#8220;522d3e13-853e-401b-b372-232a41073e39&#8243; text_text_color=&#8220;#FFFFFF&#8220; link_text_color=&#8220;#FFFFFF&#8220; text_orientation=&#8220;center&#8220; custom_margin=&#8220;-34px|||||&#8220; custom_padding=&#8220;2px|||||&#8220; global_colors_info=&#8220;{}&#8220;]<\/p>\n<p style=\"text-align: left;\"><a href=\"mailto:linda@maddocstranslation.com\">linda@maddocstranslation.com<\/a><\/p>\n<p>[\/et_pb_text][\/et_pb_column][et_pb_column type=&#8220;1_4&#8243; _builder_version=&#8220;4.21.0&#8243; _module_preset=&#8220;default&#8220; global_colors_info=&#8220;{}&#8220;][et_pb_text _builder_version=&#8220;4.27.4&#8243; _module_preset=&#8220;aacadd54-2ef8-4d80-971e-2711f5f28280&#8243; text_text_color=&#8220;#FFFFFF&#8220; link_text_color=&#8220;gcid-f497520e-fc6d-4e37-a301-e9f13dfe2ad6&#8243; header_4_text_align=&#8220;left&#8220; header_4_text_color=&#8220;#FFFFFF&#8220; header_4_font_size=&#8220;28px&#8220; text_orientation=&#8220;center&#8220; custom_margin=&#8220;-7px|||||&#8220; custom_padding=&#8220;3px|||||&#8220; locked=&#8220;off&#8220; global_colors_info=&#8220;{%22gcid-f497520e-fc6d-4e37-a301-e9f13dfe2ad6%22:%91%22link_text_color%22%93}&#8220;]<\/p>\n<h4>Links<\/h4>\n<p>[\/et_pb_text][et_pb_text _builder_version=&#8220;4.27.4&#8243; _module_preset=&#8220;1833dac0-da8e-4d09-8d7b-3799e80f47d3&#8243; text_text_color=&#8220;#FFFFFF&#8220; link_text_color=&#8220;#FFFFFF&#8220; custom_margin=&#8220;||10px||false|false&#8220; locked=&#8220;off&#8220; global_colors_info=&#8220;{}&#8220;]<\/p>\n<p><a href=\"https:\/\/maddocstranslation.com\/\">HOME<\/a><\/p>\n<p>[\/et_pb_text][et_pb_text _builder_version=&#8220;4.27.4&#8243; _module_preset=&#8220;1833dac0-da8e-4d09-8d7b-3799e80f47d3&#8243; text_text_color=&#8220;#FFFFFF&#8220; link_text_color=&#8220;#FFFFFF&#8220; custom_margin=&#8220;||10px||false|false&#8220; locked=&#8220;off&#8220; global_colors_info=&#8220;{}&#8220;]<\/p>\n<p><a href=\"https:\/\/maddocstranslation.com\/about\/\">\u00dcBER UNS<\/a><\/p>\n<p>[\/et_pb_text][et_pb_text _builder_version=&#8220;4.27.4&#8243; _module_preset=&#8220;1833dac0-da8e-4d09-8d7b-3799e80f47d3&#8243; text_text_color=&#8220;#FFFFFF&#8220; link_text_color=&#8220;#FFFFFF&#8220; custom_margin=&#8220;||10px||false|false&#8220; locked=&#8220;off&#8220; global_colors_info=&#8220;{}&#8220;]<\/p>\n<p><a href=\"https:\/\/maddocstranslation.com\/services-expertise\/\">DIENSTLEISTUNGEN &amp; FACHKOMPETENZEN<\/a><\/p>\n<p>[\/et_pb_text][et_pb_text _builder_version=&#8220;4.27.4&#8243; _module_preset=&#8220;1833dac0-da8e-4d09-8d7b-3799e80f47d3&#8243; text_text_color=&#8220;#FFFFFF&#8220; link_text_color=&#8220;#FFFFFF&#8220; custom_margin=&#8220;||10px||false|false&#8220; locked=&#8220;off&#8220; global_colors_info=&#8220;{}&#8220;]<\/p>\n<p><a href=\"https:\/\/maddocstranslation.com\/books-and-literary-translation\/\">B\u00dcCHER &amp; LITERARISCHE \u00dcBERSETZUNGEN<\/a><\/p>\n<p>[\/et_pb_text][et_pb_text _builder_version=&#8220;4.27.4&#8243; _module_preset=&#8220;1833dac0-da8e-4d09-8d7b-3799e80f47d3&#8243; text_text_color=&#8220;#FFFFFF&#8220; link_text_color=&#8220;#FFFFFF&#8220; custom_margin=&#8220;||10px||false|false&#8220; locked=&#8220;off&#8220; global_colors_info=&#8220;{}&#8220;]<\/p>\n<p><a href=\"https:\/\/maddocstranslation.com\/contact\/\">KONTAKT<\/a><\/p>\n<p>[\/et_pb_text][\/et_pb_column][et_pb_column type=&#8220;1_4&#8243; _builder_version=&#8220;4.21.0&#8243; _module_preset=&#8220;default&#8220; global_colors_info=&#8220;{}&#8220;][et_pb_text _builder_version=&#8220;4.27.4&#8243; _module_preset=&#8220;aacadd54-2ef8-4d80-971e-2711f5f28280&#8243; text_text_color=&#8220;#FFFFFF&#8220; link_text_color=&#8220;gcid-f497520e-fc6d-4e37-a301-e9f13dfe2ad6&#8243; header_4_text_align=&#8220;left&#8220; header_4_text_color=&#8220;#FFFFFF&#8220; header_4_font_size=&#8220;28px&#8220; text_orientation=&#8220;center&#8220; custom_margin=&#8220;-7px|||||&#8220; custom_padding=&#8220;3px|||||&#8220; locked=&#8220;off&#8220; global_colors_info=&#8220;{%22gcid-f497520e-fc6d-4e37-a301-e9f13dfe2ad6%22:%91%22link_text_color%22%93}&#8220;]<\/p>\n<h4>Follow<\/h4>\n<p>[\/et_pb_text][et_pb_image src=&#8220;https:\/\/maddocstranslation.com\/wp-content\/uploads\/2025\/04\/ProZIcon.png&#8220; title_text=&#8220;ProZIcon&#8220; url=&#8220;https:\/\/www.proz.com\/profile\/4720&#8243; url_new_window=&#8220;on&#8220; module_class=&#8220;sociallogo&#8220; _builder_version=&#8220;4.27.4&#8243; _module_preset=&#8220;default&#8220; custom_margin=&#8220;||11px|||&#8220; custom_padding=&#8220;||||false|false&#8220; global_colors_info=&#8220;{}&#8220;][\/et_pb_image][et_pb_image src=&#8220;https:\/\/maddocstranslation.com\/wp-content\/uploads\/2025\/04\/LinkedIn.png&#8220; title_text=&#8220;LinkedIn&#8220; url=&#8220;https:\/\/www.linkedin.com\/in\/maddocsllc\/&#8220; url_new_window=&#8220;on&#8220; module_class=&#8220;sociallogo&#8220; _builder_version=&#8220;4.27.4&#8243; _module_preset=&#8220;default&#8220; custom_margin=&#8220;||||false|false&#8220; custom_padding=&#8220;||||false|false&#8220; global_colors_info=&#8220;{}&#8220;][\/et_pb_image][\/et_pb_column][\/et_pb_row][\/et_pb_section]<\/p>\n","protected":false},"excerpt":{"rendered":"<p>\u00dcber Linda GausP\u00fcnktliche Perfektion von einer promovierten GermanistinDie Gr\u00fcnderin und Gesch\u00e4ftsf\u00fchrerin von MadDocs LLC, Linda Gaus, ist Muttersprachlerin des amerikanischen Englisch und hat einen Doktortitel in Germanistik von der University of California, Berkeley. Sie verf\u00fcgt \u00fcber mehr als 25 Jahre \u00dcbersetzungserfahrung in verschiedenen Fachgebieten, langj\u00e4hrige Erfahrung im Unterrichten der deutschen Sprache und Literatur sowie umfangreiche Erfahrung im \u00dcbersetzen, Verfassen und Lektorieren einer Vielzahl unterschiedlicher Texte f\u00fcr amerikanische und europ\u00e4ische Kunden. Ihre bisherigen \u00dcbersetzungen decken viele Bereiche ab, darunter allgemeine Wirtschaft und Marketing, Geisteswissenschaften (mit Schwerpunkt Literatur), Sozialwissenschaften, technische Handb\u00fccher und Gebrauchsanweisungen sowie hom\u00f6opathische Medizin. Eine weitere Spezialit\u00e4t ist das Lesen alter deutscher Texte und Handschriften; zu diesem Zweck besuchte sie einen Spezialkurs an der Herzog-August-Bibliothek (Wolfenb\u00fcttel). MadDocs LLCDEUTSCH-ENGLISCHE \u00dcBERSETZUNGENStandort 2101 Statute Lane, Vienna, VA 22181. USA Telefon571-215-4648Email-Adresse:linda@maddocstranslation.comLinksHOME\u00dcBER UNSDIENSTLEISTUNGEN &amp; FACHKOMPETENZENB\u00dcCHER &amp; LITERARISCHE \u00dcBERSETZUNGENKONTAKTFollow<\/p>\n","protected":false},"author":1,"featured_media":0,"parent":0,"menu_order":0,"comment_status":"closed","ping_status":"closed","template":"","meta":{"_et_pb_use_builder":"on","_et_pb_old_content":"","_et_gb_content_width":"","footnotes":""},"class_list":["post-407","page","type-page","status-publish","hentry"],"_links":{"self":[{"href":"https:\/\/maddocstranslation.com\/de\/wp-json\/wp\/v2\/pages\/407","targetHints":{"allow":["GET"]}}],"collection":[{"href":"https:\/\/maddocstranslation.com\/de\/wp-json\/wp\/v2\/pages"}],"about":[{"href":"https:\/\/maddocstranslation.com\/de\/wp-json\/wp\/v2\/types\/page"}],"author":[{"embeddable":true,"href":"https:\/\/maddocstranslation.com\/de\/wp-json\/wp\/v2\/users\/1"}],"replies":[{"embeddable":true,"href":"https:\/\/maddocstranslation.com\/de\/wp-json\/wp\/v2\/comments?post=407"}],"version-history":[{"count":0,"href":"https:\/\/maddocstranslation.com\/de\/wp-json\/wp\/v2\/pages\/407\/revisions"}],"wp:attachment":[{"href":"https:\/\/maddocstranslation.com\/de\/wp-json\/wp\/v2\/media?parent=407"}],"curies":[{"name":"wp","href":"https:\/\/api.w.org\/{rel}","templated":true}]}}